{"id":143,"date":"2016-06-20T07:48:11","date_gmt":"2016-06-20T07:48:11","guid":{"rendered":"http:\/\/sw-themes.com\/porto_dummy\/?page_id=143"},"modified":"2023-07-18T10:21:07","modified_gmt":"2023-07-18T10:21:07","slug":"home","status":"publish","type":"page","link":"https:\/\/villaalpenpanorama.de\/en\/","title":{"rendered":"Home"},"content":{"rendered":"<div data-vc-full-width=\"true\" data-vc-full-width-init=\"false\" data-vc-stretch-content=\"true\" class=\"vc_row wpb_row row top-row vc_row-no-padding\"><div class=\"vc_column_container col-md-12 d-lg-block d-none\"><div class=\"wpb_wrapper vc_column-inner\">\n\t\t\t<!-- START Home page REVOLUTION SLIDER 6.5.20 --><p class=\"rs-p-wp-fix\"><\/p>\n\t\t\t<rs-module-wrap id=\"rev_slider_2_1_wrapper\" data-source=\"gallery\" style=\"visibility:hidden;background:#212529;padding:0;\">\n\t\t\t\t<rs-module id=\"rev_slider_2_1\" style=\"\" data-version=\"6.5.20\">\n\t\t\t\t\t<rs-slides>\n\t\t\t\t\t\t<rs-slide style=\"position: absolute;\" data-key=\"rs-2\" data-title=\"Slide\" data-duration=\"9000\"data-sba=\"f:true;b:true;\" data-in=\"o:0;\" data-out=\"a:false;\">\n\t\t\t\t\t\t\t<img loading=\"lazy\" decoding=\"async\" src=\"\/\/villaalpenpanorama.de\/wp-content\/plugins\/revslider\/public\/assets\/assets\/dummy.png\" alt=\"\" title=\"new slider\" width=\"1500\" height=\"700\" class=\"rev-slidebg tp-rs-img rs-lazyload\" data-lazyload=\"\/\/villaalpenpanorama.de\/wp-content\/uploads\/2023\/07\/new-slider.jpg\" data-parallax=\"8\" data-no-retina>\n<!--\n\t\t\t\t\t\t\t--><rs-layer\n\t\t\t\t\t\t\t\tid=\"slider-2-slide-2-layer-0\" \n\t\t\t\t\t\t\t\tdata-type=\"shape\"\n\t\t\t\t\t\t\t\tdata-rsp_ch=\"on\"\n\t\t\t\t\t\t\t\tdata-text=\"w:normal;\"\n\t\t\t\t\t\t\t\tdata-dim=\"w:100%;h:100%;\"\n\t\t\t\t\t\t\t\tdata-basealign=\"slide\"\n\t\t\t\t\t\t\t\tdata-frame_999=\"o:0;st:w;\"\n\t\t\t\t\t\t\t\tstyle=\"z-index:8;background-color:rgba(0,0,0,0.3);\"\n\t\t\t\t\t\t\t> \n\t\t\t\t\t\t\t<\/rs-layer><!--\n\n\t\t\t\t\t\t\t--><rs-layer\n\t\t\t\t\t\t\t\tid=\"slider-2-slide-2-layer-4\" \n\t\t\t\t\t\t\t\tdata-type=\"text\"\n\t\t\t\t\t\t\t\tdata-color=\"#ffffff\"\n\t\t\t\t\t\t\t\tdata-tsh=\"c:#5abac5;h:2px;v:2px;\"\n\t\t\t\t\t\t\t\tdata-rsp_ch=\"on\"\n\t\t\t\t\t\t\t\tdata-xy=\"x:c;y:c;yo:100px;\"\n\t\t\t\t\t\t\t\tdata-text=\"s:50;l:75;ls:5px;a:center;\"\n\t\t\t\t\t\t\t\tdata-tst=\"w:2px;c:#ffffff;\"\n\t\t\t\t\t\t\t\tdata-border=\"bor:1px,1px,1px,1px;\"\n\t\t\t\t\t\t\t\tdata-frame_0=\"x:50px;\"\n\t\t\t\t\t\t\t\tdata-frame_1=\"st:1000;sp:500;sR:1000;\"\n\t\t\t\t\t\t\t\tdata-frame_999=\"o:0;st:w;sR:7500;\"\n\t\t\t\t\t\t\t\tstyle=\"z-index:9;font-family:'Poiret One';text-transform:uppercase;\"\n\t\t\t\t\t\t\t>Ferienhaus Villa Alpenpanorama in Ohlstadt \n\t\t\t\t\t\t\t<\/rs-layer><!--\n\n\t\t\t\t\t\t\t--><rs-layer\n\t\t\t\t\t\t\t\tid=\"slider-2-slide-2-layer-14\" \n\t\t\t\t\t\t\t\tdata-type=\"text\"\n\t\t\t\t\t\t\t\tdata-color=\"rgba(255, 255, 255, 1)\"\n\t\t\t\t\t\t\t\tdata-rsp_ch=\"on\"\n\t\t\t\t\t\t\t\tdata-xy=\"x:c;y:c;yo:170px;\"\n\t\t\t\t\t\t\t\tdata-text=\"w:normal;s:38;l:45;ls:0px;a:center;\"\n\t\t\t\t\t\t\t\tdata-frame_1=\"st:500;sp:2500;sR:500;\"\n\t\t\t\t\t\t\t\tdata-frame_999=\"o:0;st:w;sR:6000;\"\n\t\t\t\t\t\t\t\tstyle=\"z-index:10;font-family:'Poiret One';\"\n\t\t\t\t\t\t\t>An der Sonnenseite zwischen den Bergen und Seen gelegen.<br \/>\n \n\t\t\t\t\t\t\t<\/rs-layer><!--\n-->\t\t\t\t\t\t<\/rs-slide>\n\t\t\t\t\t<\/rs-slides>\n\t\t\t\t<\/rs-module>\n\t\t\t\t<script>\n\t\t\t\t\tsetREVStartSize({c: 'rev_slider_2_1',rl:[1240,1024,778,480],el:[700],gw:[1500],gh:[700],type:'standard',justify:'',layout:'fullscreen',offsetContainer:'#wpadminbar',offset:'',mh:\"0\"});if (window.RS_MODULES!==undefined && window.RS_MODULES.modules!==undefined && window.RS_MODULES.modules[\"revslider21\"]!==undefined) {window.RS_MODULES.modules[\"revslider21\"].once = false;window.revapi2 = undefined;if (window.RS_MODULES.checkMinimal!==undefined) window.RS_MODULES.checkMinimal()}\n\t\t\t\t<\/script>\n\t\t\t<\/rs-module-wrap>\n\t\t\t<!-- END REVOLUTION SLIDER -->\n<\/div><\/div><\/div><div class=\"vc_row-full-width vc_clearfix\"><\/div><div data-vc-full-width=\"true\" data-vc-full-width-init=\"false\" data-vc-stretch-content=\"true\" class=\"vc_row wpb_row row top-row vc_row-no-padding\"><div class=\"vc_column_container col-md-12 d-lg-none\"><div class=\"wpb_wrapper vc_column-inner\">\n\t\t\t<!-- START Home page Mobile REVOLUTION SLIDER 6.5.20 --><p class=\"rs-p-wp-fix\"><\/p>\n\t\t\t<rs-module-wrap id=\"rev_slider_4_2_wrapper\" data-source=\"gallery\" style=\"visibility:hidden;background:#212529;padding:0;margin:0px auto;margin-top:0;margin-bottom:0;\">\n\t\t\t\t<rs-module id=\"rev_slider_4_2\" style=\"\" data-version=\"6.5.20\">\n\t\t\t\t\t<rs-slides>\n\t\t\t\t\t\t<rs-slide style=\"position: absolute;\" data-key=\"rs-9\" data-title=\"Slide\" data-duration=\"9000\"data-sba=\"f:true;b:true;\" data-in=\"o:0;\" data-out=\"a:false;\">\n\t\t\t\t\t\t\t<img loading=\"lazy\" decoding=\"async\" src=\"\/\/villaalpenpanorama.de\/wp-content\/plugins\/revslider\/public\/assets\/assets\/dummy.png\" alt=\"\" title=\"mobile slide1\" width=\"600\" height=\"600\" class=\"rev-slidebg tp-rs-img rs-lazyload\" data-lazyload=\"\/\/villaalpenpanorama.de\/wp-content\/uploads\/2023\/07\/mobile-slide1.jpg\" data-parallax=\"8\" data-no-retina>\n<!--\n\t\t\t\t\t\t\t--><rs-layer\n\t\t\t\t\t\t\t\tid=\"slider-4-slide-9-layer-4\" \n\t\t\t\t\t\t\t\tdata-type=\"text\"\n\t\t\t\t\t\t\t\tdata-color=\"#ffffff||#ffffff||#ffffff||rgba(255, 255, 255, 1)\"\n\t\t\t\t\t\t\t\tdata-tsh=\"c:#5abac5;h:2px,2px,2px,1px;v:2px,2px,2px,1px;b:0,0,0,0px;\"\n\t\t\t\t\t\t\t\tdata-rsp_ch=\"on\"\n\t\t\t\t\t\t\t\tdata-xy=\"x:c;y:m;yo:100px,100px,100px,30px;\"\n\t\t\t\t\t\t\t\tdata-text=\"w:nowrap,nowrap,nowrap,normal;s:45,45,45,38;l:65,65,65,52;ls:5px,5px,5px,3px;a:center;\"\n\t\t\t\t\t\t\t\tdata-dim=\"w:auto,auto,auto,450px;\"\n\t\t\t\t\t\t\t\tdata-tst=\"w:2px,2px,2px,1px;c:#ffffff;\"\n\t\t\t\t\t\t\t\tdata-border=\"bor:1px,1px,1px,1px;\"\n\t\t\t\t\t\t\t\tdata-frame_0=\"x:50px;\"\n\t\t\t\t\t\t\t\tdata-frame_1=\"st:1000;sp:500;sR:1000;\"\n\t\t\t\t\t\t\t\tdata-frame_999=\"o:0;st:w;sR:7500;\"\n\t\t\t\t\t\t\t\tstyle=\"z-index:5;font-family:'Poiret One';text-transform:uppercase;\"\n\t\t\t\t\t\t\t>Ferienhaus Villa Alpenpanorama in Ohlstadt \n\t\t\t\t\t\t\t<\/rs-layer><!--\n\n\t\t\t\t\t\t\t--><rs-layer\n\t\t\t\t\t\t\t\tid=\"slider-4-slide-9-layer-14\" \n\t\t\t\t\t\t\t\tdata-type=\"text\"\n\t\t\t\t\t\t\t\tdata-color=\"rgba(255, 255, 255, 1)\"\n\t\t\t\t\t\t\t\tdata-rsp_ch=\"on\"\n\t\t\t\t\t\t\t\tdata-xy=\"x:c;y:m;yo:190px,190px,190px,166px;\"\n\t\t\t\t\t\t\t\tdata-text=\"w:normal,normal,normal,normal;s:48,48,48,26;l:55,55,55,34;ls:0px,0px,0px,2px;a:center;\"\n\t\t\t\t\t\t\t\tdata-dim=\"w:auto,auto,auto,80%;\"\n\t\t\t\t\t\t\t\tdata-frame_1=\"st:500;sp:2500;sR:500;\"\n\t\t\t\t\t\t\t\tdata-frame_999=\"o:0;st:w;sR:6000;\"\n\t\t\t\t\t\t\t\tstyle=\"z-index:6;font-family:'Poiret One';\"\n\t\t\t\t\t\t\t>An der Sonnenseite zwischen den Bergen und Seen gelegen. \n\t\t\t\t\t\t\t<\/rs-layer><!--\n-->\t\t\t\t\t\t<\/rs-slide>\n\t\t\t\t\t<\/rs-slides>\n\t\t\t\t<\/rs-module>\n\t\t\t\t<script>\n\t\t\t\t\tsetREVStartSize({c: 'rev_slider_4_2',rl:[1240,1240,1240,480],el:[700,700,700,500],gw:[1500,1500,1500,500],gh:[700,700,700,500],type:'hero',justify:'',layout:'fullwidth',mh:\"0\"});if (window.RS_MODULES!==undefined && window.RS_MODULES.modules!==undefined && window.RS_MODULES.modules[\"revslider42\"]!==undefined) {window.RS_MODULES.modules[\"revslider42\"].once = false;window.revapi4 = undefined;if (window.RS_MODULES.checkMinimal!==undefined) window.RS_MODULES.checkMinimal()}\n\t\t\t\t<\/script>\n\t\t\t<\/rs-module-wrap>\n\t\t\t<!-- END REVOLUTION SLIDER -->\n<\/div><\/div><\/div><div class=\"vc_row-full-width vc_clearfix\"><\/div><div class=\"vc_row wpb_row top-row vc_custom_1653558610764 mt-0 vc_row-has-fill porto-inner-container\"><div class=\"porto-wrap-container container\"><div class=\"row align-items-center\"><div class=\"vc_column_container col-md-12 offset-lg-1 col-lg-10\"><div class=\"wpb_wrapper vc_column-inner\"><div class=\"vc_row wpb_row vc_inner row vc_row-o-content-middle vc_row-flex\"><div class=\"vc_column_container col-md-6\"><div class=\"wpb_wrapper vc_column-inner\">\n\t<div class=\"wpb_text_column wpb_content_element\" >\n\t\t<div class=\"wpb_wrapper\">\n\t\t\t<h1>Herzlich Willkommen!<\/h1>\n\n\t\t<\/div>\n\t<\/div>\n\n\t<div class=\"wpb_text_column wpb_content_element\" >\n\t\t<div class=\"wpb_wrapper\">\n\t\t\t<p>Herzlich Willkommen bei uns in der neugebauten exklusiven Ferienhaus Villa Alpenpanorama in Ohlstadt, an der Sonnenseite zwischen den Bergen und Seen gelegen.<\/p>\n<p>Genie\u00dfen Sie unsere Modernen gro\u00dfz\u00fcgigen Komfort Ferienwohnungen von 69 qm bis 115 qm in ruhiger zentraler Lage mit Ihren faszinierenden Panorama Ausblick auf den Heimgarten bis hin zur weltbekannten Zugspitze von unseren sonnigen Terrassen oder Balkone.<\/p>\n<p>Bei uns im Ferienhaus &#8222;Villa Alpenpanorama&#8220; finden Sie die Ruhe und die Kraft f\u00fcr einen erholsamen Urlaub in der Natur- und Kulturlandschaft im Blauen Land Ohlstadt rund um das Murnauer-Moos. Lassen Sie sich von uns verw\u00f6hnen.<\/p>\n<p>Freuen Sie sich auf Ihren lang ersehnten Abendteuer Urlaub in der Natur und finden Sie Ihren ganz pers\u00f6nlichen Lieblingsplatz.<\/p>\n<p>Ganz gleich aus welchen Gr\u00fcnden es Sie nach Ohlstadt verschl\u00e4gt: Bei uns im Ferienhaus &#8222;Villa Alpenpanorama&#8220; Ohlstadt finden Sie sicher wonach Sie suchen!<\/p>\n<p>Wir freuen uns auf Ihren Besuch.<\/p>\n<p>Ihre Gastgeber, Familie Angerer<\/p>\n<p>Ferienhaus &#8222;Villa Alpenpanorama&#8220; Ohlstadt<\/p>\n\n\t\t<\/div>\n\t<\/div>\n<div class=\"vc_btn3-container vc_btn3-inline\" >\n\t<a class=\"vc_btn3 vc_btn3-shape-default wpb_custom_c5e4828e6e4077bcb6941006d93dc800 btn btn-md btn-primary btn-arrow\" style=\"font-size:30px; font-weight:400; letter-spacing:2px; padding:0px 0px;\" href=\"https:\/\/villaalpenpanorama.de\/en\/unser-ferienhaus\/\" title=\"Unser Hotel\">WEITERLESEN<span class=\"icon-wrapper\"><i class=\"fas fa-chevron-right\"><\/i><\/span><\/a>\t<\/div>\n<\/div><\/div><div class=\"vc_column_container col-md-6\"><div class=\"wpb_wrapper vc_column-inner\">\n\t<div class=\"wpb_single_image wpb_content_element vc_align_left\">\n\t\t<div class=\"wpb_wrapper\">\n\t\t\t\n\t\t\t<div class=\"vc_single_image-wrapper   vc_box_border_grey\"><img loading=\"lazy\" decoding=\"async\" width=\"763\" height=\"563\" src=\"https:\/\/villaalpenpanorama.de\/wp-content\/uploads\/2023\/07\/image006.png\" class=\"vc_single_image-img attachment-full\" alt=\"\" title=\"image006\" srcset=\"https:\/\/villaalpenpanorama.de\/wp-content\/uploads\/2023\/07\/image006.png 763w, https:\/\/villaalpenpanorama.de\/wp-content\/uploads\/2023\/07\/image006-640x472.png 640w, https:\/\/villaalpenpanorama.de\/wp-content\/uploads\/2023\/07\/image006-400x295.png 400w, https:\/\/villaalpenpanorama.de\/wp-content\/uploads\/2023\/07\/image006-367x271.png 367w\" sizes=\"auto, (max-width: 763px) 100vw, 763px\" \/><\/div>\n\t\t<\/div>\n\t<\/div>\n<\/div><\/div><\/div><\/div><\/div><\/div><\/div><\/div><div class=\"vc_row wpb_row top-row vc_custom_1687875378199 section section-default mt-0 porto-inner-container\"><div class=\"porto-wrap-container container\"><div class=\"row align-items-center\"><div class=\"vc_column_container col-md-12 offset-lg-1 col-lg-10\"><div class=\"wpb_wrapper vc_column-inner\"><div class=\"vc_row wpb_row vc_inner row vc_row-o-content-middle vc_row-flex\"><div class=\"vc_column_container col-md-6\"><div class=\"wpb_wrapper vc_column-inner\">\n\t<div class=\"wpb_single_image wpb_content_element vc_align_left\">\n\t\t<div class=\"wpb_wrapper\">\n\t\t\t\n\t\t\t<div class=\"vc_single_image-wrapper   vc_box_border_grey\"><img loading=\"lazy\" decoding=\"async\" width=\"1392\" height=\"928\" src=\"https:\/\/villaalpenpanorama.de\/wp-content\/uploads\/2022\/06\/linderhof-1920w.webp\" class=\"vc_single_image-img attachment-full\" alt=\"\" title=\"linderhof-1920w\" srcset=\"https:\/\/villaalpenpanorama.de\/wp-content\/uploads\/2022\/06\/linderhof-1920w.webp 1392w, https:\/\/villaalpenpanorama.de\/wp-content\/uploads\/2022\/06\/linderhof-1920w-1024x683.webp 1024w, https:\/\/villaalpenpanorama.de\/wp-content\/uploads\/2022\/06\/linderhof-1920w-768x512.webp 768w, https:\/\/villaalpenpanorama.de\/wp-content\/uploads\/2022\/06\/linderhof-1920w-640x427.webp 640w, https:\/\/villaalpenpanorama.de\/wp-content\/uploads\/2022\/06\/linderhof-1920w-400x267.webp 400w, https:\/\/villaalpenpanorama.de\/wp-content\/uploads\/2022\/06\/linderhof-1920w-367x245.webp 367w\" sizes=\"auto, (max-width: 1392px) 100vw, 1392px\" \/><\/div>\n\t\t<\/div>\n\t<\/div>\n<\/div><\/div><div class=\"vc_column_container col-md-6\"><div class=\"wpb_wrapper vc_column-inner\">\n\t<div class=\"wpb_text_column wpb_content_element\" >\n\t\t<div class=\"wpb_wrapper\">\n\t\t\t<h1>Aktivit\u00e4ten<\/h1>\n<div id=\"simple-translate\" class=\"simple-translate-system-theme\">\n<div>\n<div class=\"simple-translate-button isShow\" style=\"background-image: url('moz-extension:\/\/4f5a338d-ddf6-4566-99d5-0b57a0454b70\/icons\/512.png'); height: 22px; width: 22px; top: 54px; left: 265px;\"><\/div>\n<div class=\"simple-translate-panel\" style=\"width: 300px; height: 200px; top: 0px; left: 0px; font-size: 13px;\">\n<div class=\"simple-translate-result-wrapper\" style=\"overflow: hidden;\">\n<div class=\"simple-translate-move\" draggable=\"true\"><\/div>\n<div class=\"simple-translate-result-contents\">\n<p class=\"simple-translate-candidate\" dir=\"auto\">\n<\/div>\n<\/div>\n<\/div>\n<\/div>\n<\/div>\n\n\t\t<\/div>\n\t<\/div>\n\n\t<div class=\"wpb_text_column wpb_content_element\" >\n\t\t<div class=\"wpb_wrapper\">\n\t\t\t<p>Am Fu\u00dfe des Heimgartens, finden Urlauber Erholung, Ruhe, Natur und sportliche M\u00f6glichkeiten. Wandern, Bergsteigen, Nordic Walking, Radeln, Reiten, Schwimmen, Langlauf, Skilauf, Segelfliegen, Angeln, oder Eine Reise in die Kultur. Ein Ausflug auf den Spuren des \u201eBlauen Reiters\u201c. Im M\u00fcnterhaus, Schloss Museum Murnau und auch im Franz-Marc-Museum in Kochel.<\/p>\n<p>Vor der Haust\u00fcre k\u00f6nnen Sie die Natur erleben. Zahlreiche, saubere Seen der Umgebung: der Staffelsee bei Murnau, der Kochel- und Walchensee oder der Eibsee unter der Zugspitze. Der Starnberger- und der Ammersee bieten sich f\u00fcr einen Tagesausflug an. Hallenb\u00e4der finden Sie in der Umgebung auch:<\/p>\n<p>Das Trimini in Kochel (15 km), das Alpspitz-Wellenbad in Garmisch-Partenkirchen (20 km), der Wellenberg in Oberammergau (22 km) sowie das Alpamare in Bad T\u00f6lz (30 km). Familienspa\u00df bieten die Minigolfpl\u00e4tze in Murnau (7 km), die Sommerrodelbahnen in Unterammergau (18 km), Garmisch-Partenkirchen (20 km), Bad T\u00f6lz (30 km), der Reptilienzoo in Oberammergau (22 km), der M\u00e4rchenwald in Wolfratshausen (40 km) der Tierpark Hellabrunn in M\u00fcnchen (63 km) und der Alpen Zoo in Innsbruck (75 km. ). Das Freilichtmuseum (6 km), das Ettal (18 km), der Walchensee (24 km), das Schloss Linderhof (28 km), die Wieskirche (37 km), Mittenwald (38 km), Ehrwald in Tirol (42 km) und das Schloss Neuschwanstein (58 km)<\/p>\n\n\t\t<\/div>\n\t<\/div>\n<div class=\"vc_btn3-container vc_btn3-inline\" >\n\t<a class=\"vc_btn3 vc_btn3-shape-default wpb_custom_c5e4828e6e4077bcb6941006d93dc800 btn btn-md btn-primary btn-arrow\" style=\"font-size:30px; font-weight:400; letter-spacing:2px; padding:0px 0px;\" href=\"https:\/\/villaalpenpanorama.de\/en\/aktivitaeten-und-umgebung\/\" title=\"Unser Hotel\">WEITERLESEN<span class=\"icon-wrapper\"><i class=\"fas fa-chevron-right\"><\/i><\/span><\/a>\t<\/div>\n<\/div><\/div><\/div><\/div><\/div><\/div><\/div><\/div><div data-vc-full-width=\"true\" data-vc-full-width-init=\"false\" data-vc-stretch-content=\"true\" class=\"vc_row wpb_row row top-row fixed-bg vc_custom_1689673738503 text-left vc_row-has-fill vc_row-no-padding vc_row-o-content-middle vc_row-flex\"><div class=\"vc_column_container col-md-12 offset-lg-3 col-lg-6\"><div class=\"wpb_wrapper vc_column-inner\">\n\t<div class=\"wpb_text_column wpb_content_element  text-light\" >\n\t\t<div class=\"wpb_wrapper\">\n\t\t\t<h1 style=\"text-align: center;\">Suite<\/h1>\n\n\t\t<\/div>\n\t<\/div>\n<div class=\"vc_btn3-container vc_btn3-center\" >\n\t<a class=\"vc_btn3 vc_btn3-shape-default wpb_custom_c5e4828e6e4077bcb6941006d93dc800 btn btn-md btn-secondary btn-arrow\" style=\"font-size:30px; font-weight:400; letter-spacing:2px; padding:0px 0px;\" href=\"https:\/\/villaalpenpanorama.de\/en\/suites\/\" title=\"Suites\">ALLE SUITES ANSEHEN<span class=\"icon-wrapper\"><i class=\"fas fa-chevron-right\"><\/i><\/span><\/a>\t<\/div>\n<\/div><\/div><\/div><div class=\"vc_row-full-width vc_clearfix\"><\/div><div data-vc-parallax=\"1.5\" data-vc-parallax-image=\"https:\/\/villaalpenpanorama.de\/wp-content\/uploads\/2022\/05\/parallax-hotel-map.png\" class=\"vc_row wpb_row top-row testimonial-section vc_custom_1653554292613 section section-parallax mt-0 mb-0 section-no-borders text-center vc_row-has-fill vc_general vc_parallax vc_parallax-content-moving porto-inner-container\"><div class=\"porto-wrap-container container\"><div class=\"row\"><div class=\"vc_column_container col-md-12\"><div class=\"wpb_wrapper vc_column-inner\"><h1 style=\"color: #000000;text-align: center\" class=\"vc_custom_heading vc_custom_1688450575306 heading-dark\">G\u00e4stebewertungen<\/h1><div class=\"porto-separator short\"><div class=\"divider divider-small  vc_custom_1688450566575 align_center solid divider-small-center\"><hr  style=\"background-color:#0e683d;height:3px;\"><\/div><\/div><\/div><\/div><div class=\"px-lg-5 mb-4 pb-2 vc_column_container col-md-12 vc_custom_1627551197283\"><div class=\"wpb_wrapper vc_column-inner\"><div class=\"porto-carousel owl-carousel has-ccols ccols-1 bg-white wpb_custom_c86c2fb53cae9eced42d4b8900a042f3 nav-pos-outside nav-style-2 nav-inside nav-inside-center\" data-plugin-options=\"{&quot;stagePadding&quot;:0,&quot;margin&quot;:0,&quot;autoplay&quot;:false,&quot;mouseDrag&quot;:true,&quot;touchDrag&quot;:true,&quot;autoplayTimeout&quot;:5000,&quot;autoplayHoverPause&quot;:false,&quot;items&quot;:1,&quot;lg&quot;:1,&quot;md&quot;:1,&quot;sm&quot;:1,&quot;xs&quot;:1,&quot;nav&quot;:&quot;yes&quot;,&quot;dots&quot;:&quot;yes&quot;,&quot;animateIn&quot;:&quot;&quot;,&quot;animateOut&quot;:&quot;&quot;,&quot;loop&quot;:false,&quot;center&quot;:false,&quot;video&quot;:false,&quot;lazyLoad&quot;:false,&quot;fullscreen&quot;:false}\"><div class=\"porto-testimonial wpb_content_element appear-animation  px-md-4 mx-xl-3 my-3\" data-appear-animation=\"fadeInUp\"><div class=\"testimonial testimonial-style-2 testimonial-with-quotes\"><img loading=\"lazy\" decoding=\"async\" class=\"img-responsive img-circle\" src=\"\/\/villaalpenpanorama.de\/wp-content\/uploads\/2023\/06\/image018.png\" alt=\"Silvia\" width=\"24\" height=\"24\"><blockquote class=\"testimonial-carousel\"><p>Sehr freundlicher Vermieter. Die Lage ist perfekt zum Erholen da es sehr ruhig gelegen ist.<\/p><\/blockquote><div class=\"testimonial-author\"><p><strong>Silvia<\/strong><span>Deutschland<\/span><\/p><\/div><\/div><\/div><div class=\"porto-testimonial wpb_content_element appear-animation  px-md-4 mx-xl-3 my-3\" data-appear-animation=\"fadeInUp\"><div class=\"testimonial testimonial-style-2 testimonial-with-quotes\"><img loading=\"lazy\" decoding=\"async\" class=\"img-responsive img-circle\" src=\"\/\/villaalpenpanorama.de\/wp-content\/uploads\/2023\/06\/image018.png\" alt=\"Anja\" width=\"24\" height=\"24\"><blockquote class=\"testimonial-carousel\"><p>Top \ud83d\udc96<\/p>\n<p>Super Unterkunft, sehr gro\u00df, top ausgestattet ! inclusive Handt\u00fcchern, Bettw\u00e4sche, \u00fcber Pflegeprodukte im Bad bis zu Sp\u00fclmaschinentabs\u2026.. super bequeme Matratzen , Fu\u00dfbodenheizung alles super sauber und unsere Bernersennenh\u00fcndin durfte kostenlos mitreisen. Au\u00dferdem sehr nette Vermieter! Es gibt rein gar nichts zu beanstanden \u2026 Vielen Dank \ud83e\udd17<\/p><\/blockquote><div class=\"testimonial-author\"><p><strong>Anja<\/strong><span>Deutschland<\/span><\/p><\/div><\/div><\/div><div class=\"porto-testimonial wpb_content_element appear-animation  px-md-4 mx-xl-3 my-3\" data-appear-animation=\"fadeInUp\"><div class=\"testimonial testimonial-style-2 testimonial-with-quotes\"><img loading=\"lazy\" decoding=\"async\" class=\"img-responsive img-circle\" src=\"\/\/villaalpenpanorama.de\/wp-content\/uploads\/2023\/06\/image018.png\" alt=\"Markus\" width=\"24\" height=\"24\"><blockquote class=\"testimonial-carousel\"><p>Ruhige Lage, geschmackvoll eingerichtete Wohnung mit tollem Ausblick auf die Berge, sympathischer Vermieter, kommen gerne wieder<\/p><\/blockquote><div class=\"testimonial-author\"><p><strong>Markus<\/strong><span>Deutschland - Au\u00dfergew\u00f6hnlich<\/span><\/p><\/div><\/div><\/div><div class=\"porto-testimonial wpb_content_element appear-animation  px-md-4 mx-xl-3 my-3\" data-appear-animation=\"fadeInUp\"><div class=\"testimonial testimonial-style-2 testimonial-with-quotes\"><img loading=\"lazy\" decoding=\"async\" class=\"img-responsive img-circle\" src=\"\/\/villaalpenpanorama.de\/wp-content\/uploads\/2023\/06\/image020.png\" alt=\"Ryan\" width=\"16\" height=\"11\"><blockquote class=\"testimonial-carousel\"><p>\u0627\u0644\u0634\u0642\u0629 \u0646\u0638\u064a\u0641\u0629 \u062c\u062f\u0627 \u0648 \u0647\u0627\u062f\u0626\u0647<\/p><\/blockquote><div class=\"testimonial-author\"><p><strong>Ryan<\/strong><span>Saudi-Arabien<\/span><\/p><\/div><\/div><\/div><div class=\"porto-testimonial wpb_content_element appear-animation  px-md-4 mx-xl-3 my-3\" data-appear-animation=\"fadeInUp\"><div class=\"testimonial testimonial-style-2 testimonial-with-quotes\"><img loading=\"lazy\" decoding=\"async\" class=\"img-responsive img-circle\" src=\"\/\/villaalpenpanorama.de\/wp-content\/uploads\/2023\/06\/googleg_48dp.png\" alt=\"Grau Anika\" width=\"48\" height=\"48\"><blockquote class=\"testimonial-carousel\"><p>Tolle Dachgeschosswohnung, in der man sich sehr wohl f\u00fchlen kann! Im Schlafzimmer gen\u00fcgend Platz f\u00fcr Kinderbett. Super Umgebung mit tollen Ausflugszielen.<br \/>\nEin Vermieter (wohnt nicht im Haus), der noch beim Auto ausladen hilft. Was will man mehr?<br \/>\n(Au\u00dfer vielleicht einen etwas g\u00fcnstigeren Preis)<\/p>\n<p><strong>Zimmer<\/strong>: 5\/5\u00a0\u00a0|\u00a0\u00a0<strong>Service<\/strong>: 5\/5\u00a0\u00a0|\u00a0\u00a0<strong>Standort<\/strong>: 5\/5<\/p><\/blockquote><div class=\"testimonial-author\"><p><strong>Grau Anika<\/strong><span>Google - Urlaub<\/span><\/p><\/div><\/div><\/div><\/div><\/div><\/div><\/div><\/div><\/div>","protected":false},"excerpt":{"rendered":"Ferienhaus Villa Alpenpanorama in Ohlstadt An der Sonnenseite zwischen den Bergen und Seen gelegen. Ferienhaus Villa Alpenpanorama in Ohlstadt An der Sonnenseite zwischen den Bergen und Seen gelegen. Herzlich Willkommen! Herzlich Willkommen bei uns in der neugebauten exklusiven Ferienhaus Villa Alpenpanorama in Ohlstadt, an der Sonnenseite zwischen den Bergen und Seen gelegen. Genie\u00dfen Sie unsere [...]","protected":false},"author":1,"featured_media":0,"parent":0,"menu_order":0,"comment_status":"closed","ping_status":"closed","template":"","meta":{"footnotes":""},"class_list":["post-143","page","type-page","status-publish","hentry"],"_links":{"self":[{"href":"https:\/\/villaalpenpanorama.de\/en\/wp-json\/wp\/v2\/pages\/143","targetHints":{"allow":["GET"]}}],"collection":[{"href":"https:\/\/villaalpenpanorama.de\/en\/wp-json\/wp\/v2\/pages"}],"about":[{"href":"https:\/\/villaalpenpanorama.de\/en\/wp-json\/wp\/v2\/types\/page"}],"author":[{"embeddable":true,"href":"https:\/\/villaalpenpanorama.de\/en\/wp-json\/wp\/v2\/users\/1"}],"replies":[{"embeddable":true,"href":"https:\/\/villaalpenpanorama.de\/en\/wp-json\/wp\/v2\/comments?post=143"}],"version-history":[{"count":91,"href":"https:\/\/villaalpenpanorama.de\/en\/wp-json\/wp\/v2\/pages\/143\/revisions"}],"predecessor-version":[{"id":2901,"href":"https:\/\/villaalpenpanorama.de\/en\/wp-json\/wp\/v2\/pages\/143\/revisions\/2901"}],"wp:attachment":[{"href":"https:\/\/villaalpenpanorama.de\/en\/wp-json\/wp\/v2\/media?parent=143"}],"curies":[{"name":"wp","href":"https:\/\/api.w.org\/{rel}","templated":true}]}}