{"id":2508,"date":"2022-05-26T08:03:16","date_gmt":"2022-05-26T08:03:16","guid":{"rendered":"http:\/\/hotelangerer.pfacode.co.in\/?page_id=2508"},"modified":"2023-07-18T09:56:03","modified_gmt":"2023-07-18T09:56:03","slug":"suites","status":"publish","type":"page","link":"https:\/\/villaalpenpanorama.de\/en\/suites\/","title":{"rendered":"Suites"},"content":{"rendered":"<div class=\"vc_row wpb_row top-row vc_custom_1653544568567 vc_row-has-fill porto-inner-container\"><div class=\"porto-wrap-container container\"><div class=\"row align-items-center\"><div class=\"vc_column_container col-md-12 offset-lg-1 col-lg-10\"><div class=\"wpb_wrapper vc_column-inner\"><div class=\"vc_row wpb_row vc_inner row vc_row-o-content-top vc_row-flex\"><div class=\"vc_column_container col-md-6\"><div class=\"wpb_wrapper vc_column-inner\">\n\t<div class=\"wpb_text_column wpb_content_element\" >\n\t\t<div class=\"wpb_wrapper\">\n\t\t\t<h1>Suite &#8222;Alpspitz&#8220; mit 1 Schlafzimmer im Dachgeschoss (69 qm)<\/h1>\n\n\t\t<\/div>\n\t<\/div>\n<\/div><\/div><div class=\"vc_column_container col-md-6\"><div class=\"wpb_wrapper vc_column-inner\"><div class=\"vc_btn3-container vc_btn3-right\" >\n\t<a class=\"vc_btn3 vc_btn3-shape-default wpb_custom_c5e4828e6e4077bcb6941006d93dc800 btn btn-md btn-primary btn-arrow\" style=\"font-size:30px; font-weight:400; letter-spacing:2px; padding:0px 0px;\" href=\"https:\/\/hotels.cloudbeds.com\/en\/reservation\/6jgSq7\" title=\"\" target=\"_blank\">JETZT BUCHEN<span class=\"icon-wrapper\"><i class=\"fas fa-chevron-right\"><\/i><\/span><\/a>\t<\/div>\n<\/div><\/div><\/div><div class=\"vc_row wpb_row vc_inner row vc_row-o-content-middle vc_row-flex\"><div class=\"vc_column_container col-md-6\"><div class=\"wpb_wrapper vc_column-inner\">\n\t<div class=\"wpb_text_column wpb_content_element\" >\n\t\t<div class=\"wpb_wrapper\">\n\t\t\t<ul>\n<li>1 Wohnzimmer<\/li>\n<li>1 Schlafzimmer<\/li>\n<li>1 Komfort Wellness Badezimmer mit Dusche.<\/li>\n<li>1 komplett ausgestattet K\u00fcche mit Mikrowelle, Backofen, Geschirrsp\u00fcler, etc.<\/li>\n<li>mit gro\u00dfen Panorama Balkone &#8211; Blick auf die Alpen und Gartenlandschaft<\/li>\n<li>geeignet von 1 bis 3 Personen<\/li>\n<\/ul>\n\n\t\t<\/div>\n\t<\/div>\n<\/div><\/div><div class=\"vc_column_container col-md-6\"><div class=\"wpb_wrapper vc_column-inner\"><div class=\"porto-gallery has-ccols ccols-1 wpb_custom_990125ee54cc6ce8d5f272820494c17d porto-carousel owl-carousel align-items-start lightbox porto-ig-effect-2\" data-plugin-options=\"{&quot;autoplayTimeout&quot;:5000,&quot;autoplayHoverPause&quot;:true,&quot;items&quot;:1,&quot;lg&quot;:1,&quot;md&quot;:1,&quot;sm&quot;:1,&quot;xs&quot;:1,&quot;nav&quot;:true,&quot;dots&quot;:false}\" data-lightbox-options=\"{&quot;delegate&quot;:&quot;a&quot;,&quot;mainClass&quot;:&quot;mfp-with-zoom&quot;,&quot;zoom&quot;:{&quot;enabled&quot;:true,&quot;duration&quot;:300},&quot;gallery&quot;:{&quot;enabled&quot;:true},&quot;type&quot;:&quot;image&quot;}\"><a href=\"https:\/\/villaalpenpanorama.de\/wp-content\/uploads\/2023\/07\/image002.jpg\"><figure><img loading=\"lazy\" decoding=\"async\" width=\"1073\" height=\"715\" src=\"https:\/\/villaalpenpanorama.de\/wp-content\/uploads\/2023\/07\/image002.jpg\" class=\"attachment-full size-full\" alt=\"\" srcset=\"https:\/\/villaalpenpanorama.de\/wp-content\/uploads\/2023\/07\/image002.jpg 1073w, https:\/\/villaalpenpanorama.de\/wp-content\/uploads\/2023\/07\/image002-1024x682.jpg 1024w, https:\/\/villaalpenpanorama.de\/wp-content\/uploads\/2023\/07\/image002-768x512.jpg 768w, https:\/\/villaalpenpanorama.de\/wp-content\/uploads\/2023\/07\/image002-640x426.jpg 640w, https:\/\/villaalpenpanorama.de\/wp-content\/uploads\/2023\/07\/image002-400x267.jpg 400w, https:\/\/villaalpenpanorama.de\/wp-content\/uploads\/2023\/07\/image002-367x245.jpg 367w\" sizes=\"auto, (max-width: 1073px) 100vw, 1073px\" \/><\/figure><\/a><a href=\"https:\/\/villaalpenpanorama.de\/wp-content\/uploads\/2023\/07\/image003.jpg\"><figure><img loading=\"lazy\" decoding=\"async\" width=\"1035\" height=\"713\" src=\"https:\/\/villaalpenpanorama.de\/wp-content\/uploads\/2023\/07\/image003.jpg\" class=\"attachment-full size-full\" alt=\"\" srcset=\"https:\/\/villaalpenpanorama.de\/wp-content\/uploads\/2023\/07\/image003.jpg 1035w, https:\/\/villaalpenpanorama.de\/wp-content\/uploads\/2023\/07\/image003-1024x705.jpg 1024w, https:\/\/villaalpenpanorama.de\/wp-content\/uploads\/2023\/07\/image003-768x529.jpg 768w, https:\/\/villaalpenpanorama.de\/wp-content\/uploads\/2023\/07\/image003-640x441.jpg 640w, https:\/\/villaalpenpanorama.de\/wp-content\/uploads\/2023\/07\/image003-400x276.jpg 400w, https:\/\/villaalpenpanorama.de\/wp-content\/uploads\/2023\/07\/image003-367x253.jpg 367w\" sizes=\"auto, (max-width: 1035px) 100vw, 1035px\" \/><\/figure><\/a><a href=\"https:\/\/villaalpenpanorama.de\/wp-content\/uploads\/2023\/07\/image001.jpg\"><figure><img loading=\"lazy\" decoding=\"async\" width=\"1076\" height=\"717\" src=\"https:\/\/villaalpenpanorama.de\/wp-content\/uploads\/2023\/07\/image001.jpg\" class=\"attachment-full size-full\" alt=\"\" srcset=\"https:\/\/villaalpenpanorama.de\/wp-content\/uploads\/2023\/07\/image001.jpg 1076w, https:\/\/villaalpenpanorama.de\/wp-content\/uploads\/2023\/07\/image001-1024x682.jpg 1024w, https:\/\/villaalpenpanorama.de\/wp-content\/uploads\/2023\/07\/image001-768x512.jpg 768w, https:\/\/villaalpenpanorama.de\/wp-content\/uploads\/2023\/07\/image001-640x426.jpg 640w, https:\/\/villaalpenpanorama.de\/wp-content\/uploads\/2023\/07\/image001-400x267.jpg 400w, https:\/\/villaalpenpanorama.de\/wp-content\/uploads\/2023\/07\/image001-367x245.jpg 367w\" sizes=\"auto, (max-width: 1076px) 100vw, 1076px\" \/><\/figure><\/a><\/div><\/div><\/div><\/div><\/div><\/div><\/div><\/div><\/div><div class=\"vc_row wpb_row top-row vc_custom_1653566785183 section section-light mt-0 porto-inner-container\"><div class=\"porto-wrap-container container\"><div class=\"row align-items-center\"><div class=\"vc_column_container col-md-12 offset-lg-1 col-lg-10\"><div class=\"wpb_wrapper vc_column-inner\"><div class=\"vc_row wpb_row vc_inner row vc_row-o-content-top vc_row-flex\"><div class=\"vc_column_container col-md-6\"><div class=\"wpb_wrapper vc_column-inner\">\n\t<div class=\"wpb_text_column wpb_content_element\" >\n\t\t<div class=\"wpb_wrapper\">\n\t\t\t<h1>Suite &#8222;Herzogstand&#8220; mit 2 Schlafzimmer im Erste Stock (109 qm<\/h1>\n<div id=\"simple-translate\" class=\"simple-translate-system-theme\">\n<div>\n<div class=\"simple-translate-button isShow\" style=\"background-image: url('moz-extension:\/\/4f5a338d-ddf6-4566-99d5-0b57a0454b70\/icons\/512.png'); height: 22px; width: 22px; top: 79px; left: 131px;\"><\/div>\n<div class=\"simple-translate-panel\" style=\"width: 300px; height: 200px; top: 0px; left: 0px; font-size: 13px;\">\n<div class=\"simple-translate-result-wrapper\" style=\"overflow: hidden;\">\n<div class=\"simple-translate-move\" draggable=\"true\"><\/div>\n<div class=\"simple-translate-result-contents\">\n<p class=\"simple-translate-candidate\" dir=\"auto\">\n<\/div>\n<\/div>\n<\/div>\n<\/div>\n<\/div>\n\n\t\t<\/div>\n\t<\/div>\n<\/div><\/div><div class=\"vc_column_container col-md-6\"><div class=\"wpb_wrapper vc_column-inner\"><div class=\"vc_btn3-container vc_btn3-right\" >\n\t<a class=\"vc_btn3 vc_btn3-shape-default wpb_custom_c5e4828e6e4077bcb6941006d93dc800 btn btn-md btn-primary btn-arrow\" style=\"font-size:30px; font-weight:400; letter-spacing:2px; padding:0px 0px;\" href=\"https:\/\/hotels.cloudbeds.com\/en\/reservation\/6jgSq7\" title=\"\" target=\"_blank\">JETZT BUCHEN<span class=\"icon-wrapper\"><i class=\"fas fa-chevron-right\"><\/i><\/span><\/a>\t<\/div>\n<\/div><\/div><\/div><div class=\"vc_row wpb_row vc_inner row vc_row-o-content-middle vc_row-flex\"><div class=\"vc_column_container col-md-6\"><div class=\"wpb_wrapper vc_column-inner\">\n\t<div class=\"wpb_text_column wpb_content_element\" >\n\t\t<div class=\"wpb_wrapper\">\n\t\t\t<ul>\n<li>1 Wohnzimmer<\/li>\n<li>2 Schlafzimmer<\/li>\n<li>1 Komfort Wellness Badezimmer mit Dusche und Badewanne<\/li>\n<li>1 komplett vollausgestattete K\u00fcche mit Mikrowelle, Backofen, Geschirrsp\u00fcler, etc.<\/li>\n<li>mit gro\u00dfer Balkon &#8211; Blick auf die Alpen und Gartenlandschaft<\/li>\n<li>geeignet von 1 bis 5 Personen<\/li>\n<\/ul>\n\n\t\t<\/div>\n\t<\/div>\n<\/div><\/div><div class=\"vc_column_container col-md-6\"><div class=\"wpb_wrapper vc_column-inner\"><div class=\"porto-gallery has-ccols ccols-1 wpb_custom_990125ee54cc6ce8d5f272820494c17d porto-carousel owl-carousel align-items-start lightbox porto-ig-effect-2\" data-plugin-options=\"{&quot;autoplayTimeout&quot;:5000,&quot;autoplayHoverPause&quot;:true,&quot;items&quot;:1,&quot;lg&quot;:1,&quot;md&quot;:1,&quot;sm&quot;:1,&quot;xs&quot;:1,&quot;nav&quot;:true,&quot;dots&quot;:false}\" data-lightbox-options=\"{&quot;delegate&quot;:&quot;a&quot;,&quot;mainClass&quot;:&quot;mfp-with-zoom&quot;,&quot;zoom&quot;:{&quot;enabled&quot;:true,&quot;duration&quot;:300},&quot;gallery&quot;:{&quot;enabled&quot;:true},&quot;type&quot;:&quot;image&quot;}\"><a href=\"https:\/\/villaalpenpanorama.de\/wp-content\/uploads\/2023\/07\/image004.jpg\"><figure><img loading=\"lazy\" decoding=\"async\" width=\"813\" height=\"542\" src=\"https:\/\/villaalpenpanorama.de\/wp-content\/uploads\/2023\/07\/image004.jpg\" class=\"attachment-full size-full\" alt=\"\" srcset=\"https:\/\/villaalpenpanorama.de\/wp-content\/uploads\/2023\/07\/image004.jpg 813w, https:\/\/villaalpenpanorama.de\/wp-content\/uploads\/2023\/07\/image004-768x512.jpg 768w, https:\/\/villaalpenpanorama.de\/wp-content\/uploads\/2023\/07\/image004-640x427.jpg 640w, https:\/\/villaalpenpanorama.de\/wp-content\/uploads\/2023\/07\/image004-400x267.jpg 400w, https:\/\/villaalpenpanorama.de\/wp-content\/uploads\/2023\/07\/image004-367x245.jpg 367w\" sizes=\"auto, (max-width: 813px) 100vw, 813px\" \/><\/figure><\/a><a href=\"https:\/\/villaalpenpanorama.de\/wp-content\/uploads\/2023\/07\/image006.jpg\"><figure><img loading=\"lazy\" decoding=\"async\" width=\"813\" height=\"542\" src=\"https:\/\/villaalpenpanorama.de\/wp-content\/uploads\/2023\/07\/image006.jpg\" class=\"attachment-full size-full\" alt=\"\" srcset=\"https:\/\/villaalpenpanorama.de\/wp-content\/uploads\/2023\/07\/image006.jpg 813w, https:\/\/villaalpenpanorama.de\/wp-content\/uploads\/2023\/07\/image006-768x512.jpg 768w, https:\/\/villaalpenpanorama.de\/wp-content\/uploads\/2023\/07\/image006-640x427.jpg 640w, https:\/\/villaalpenpanorama.de\/wp-content\/uploads\/2023\/07\/image006-400x267.jpg 400w, https:\/\/villaalpenpanorama.de\/wp-content\/uploads\/2023\/07\/image006-367x245.jpg 367w\" sizes=\"auto, (max-width: 813px) 100vw, 813px\" \/><\/figure><\/a><a href=\"https:\/\/villaalpenpanorama.de\/wp-content\/uploads\/2023\/07\/image005.jpg\"><figure><img loading=\"lazy\" decoding=\"async\" width=\"813\" height=\"542\" src=\"https:\/\/villaalpenpanorama.de\/wp-content\/uploads\/2023\/07\/image005.jpg\" class=\"attachment-full size-full\" alt=\"\" srcset=\"https:\/\/villaalpenpanorama.de\/wp-content\/uploads\/2023\/07\/image005.jpg 813w, https:\/\/villaalpenpanorama.de\/wp-content\/uploads\/2023\/07\/image005-768x512.jpg 768w, https:\/\/villaalpenpanorama.de\/wp-content\/uploads\/2023\/07\/image005-640x427.jpg 640w, https:\/\/villaalpenpanorama.de\/wp-content\/uploads\/2023\/07\/image005-400x267.jpg 400w, https:\/\/villaalpenpanorama.de\/wp-content\/uploads\/2023\/07\/image005-367x245.jpg 367w\" sizes=\"auto, (max-width: 813px) 100vw, 813px\" \/><\/figure><\/a><\/div><\/div><\/div><\/div><\/div><\/div><\/div><\/div><\/div><div class=\"vc_row wpb_row top-row vc_custom_1688806977535 section section-default vc_row-has-fill porto-inner-container\"><div class=\"porto-wrap-container container\"><div class=\"row align-items-center\"><div class=\"vc_column_container col-md-12 offset-lg-1 col-lg-10\"><div class=\"wpb_wrapper vc_column-inner\"><div class=\"vc_row wpb_row vc_inner row vc_row-o-content-top vc_row-flex\"><div class=\"vc_column_container col-md-6\"><div class=\"wpb_wrapper vc_column-inner\">\n\t<div class=\"wpb_text_column wpb_content_element\" >\n\t\t<div class=\"wpb_wrapper\">\n\t\t\t<h1>Suite &#8222;Heimgarten&#8220; mit 2 Schlafzimmer im Erdgeschoss (109 qm)<\/h1>\n\n\t\t<\/div>\n\t<\/div>\n<\/div><\/div><div class=\"vc_column_container col-md-6\"><div class=\"wpb_wrapper vc_column-inner\"><div class=\"vc_btn3-container vc_btn3-right\" >\n\t<a class=\"vc_btn3 vc_btn3-shape-default wpb_custom_c5e4828e6e4077bcb6941006d93dc800 btn btn-md btn-primary btn-arrow\" style=\"font-size:30px; font-weight:400; letter-spacing:2px; padding:0px 0px;\" href=\"https:\/\/hotels.cloudbeds.com\/en\/reservation\/6jgSq7\" title=\"\" target=\"_blank\">JETZT BUCHEN<span class=\"icon-wrapper\"><i class=\"fas fa-chevron-right\"><\/i><\/span><\/a>\t<\/div>\n<\/div><\/div><\/div><div class=\"vc_row wpb_row vc_inner row vc_row-o-content-middle vc_row-flex\"><div class=\"vc_column_container col-md-6\"><div class=\"wpb_wrapper vc_column-inner\">\n\t<div class=\"wpb_text_column wpb_content_element\" >\n\t\t<div class=\"wpb_wrapper\">\n\t\t\t<ul>\n<li>1 Wohnzimmer<\/li>\n<li>2 Schlafzimmer<\/li>\n<li>1 Komfort Wellness Badezimmer mit Dusche und Badewanne<\/li>\n<li>1 Komfort K\u00fcche komplett ausgestattet mit Mikrowelle, Backofen, Geschirrsp\u00fcler, etc.<\/li>\n<li>mit gro\u00dfer Sonnenterrasse &#8211; Blick auf die Alpen und Gartenlandschaft<\/li>\n<li>Das Ferienhaus Villa Alpenpanorama mit Suite Heimgarten&#8220; ist geeignet von 1 bis 5 Personen<\/li>\n<\/ul>\n\n\t\t<\/div>\n\t<\/div>\n<\/div><\/div><div class=\"vc_column_container col-md-6\"><div class=\"wpb_wrapper vc_column-inner\"><div class=\"porto-gallery has-ccols ccols-1 wpb_custom_990125ee54cc6ce8d5f272820494c17d porto-carousel owl-carousel align-items-start lightbox porto-ig-effect-2\" data-plugin-options=\"{&quot;autoplayTimeout&quot;:5000,&quot;autoplayHoverPause&quot;:true,&quot;items&quot;:1,&quot;lg&quot;:1,&quot;md&quot;:1,&quot;sm&quot;:1,&quot;xs&quot;:1,&quot;nav&quot;:true,&quot;dots&quot;:false}\" data-lightbox-options=\"{&quot;delegate&quot;:&quot;a&quot;,&quot;mainClass&quot;:&quot;mfp-with-zoom&quot;,&quot;zoom&quot;:{&quot;enabled&quot;:true,&quot;duration&quot;:300},&quot;gallery&quot;:{&quot;enabled&quot;:true},&quot;type&quot;:&quot;image&quot;}\"><a href=\"https:\/\/villaalpenpanorama.de\/wp-content\/uploads\/2023\/07\/image007.jpg\"><figure><img loading=\"lazy\" decoding=\"async\" width=\"813\" height=\"542\" src=\"https:\/\/villaalpenpanorama.de\/wp-content\/uploads\/2023\/07\/image007.jpg\" class=\"attachment-full size-full\" alt=\"\" srcset=\"https:\/\/villaalpenpanorama.de\/wp-content\/uploads\/2023\/07\/image007.jpg 813w, https:\/\/villaalpenpanorama.de\/wp-content\/uploads\/2023\/07\/image007-768x512.jpg 768w, https:\/\/villaalpenpanorama.de\/wp-content\/uploads\/2023\/07\/image007-640x427.jpg 640w, https:\/\/villaalpenpanorama.de\/wp-content\/uploads\/2023\/07\/image007-400x267.jpg 400w, https:\/\/villaalpenpanorama.de\/wp-content\/uploads\/2023\/07\/image007-367x245.jpg 367w\" sizes=\"auto, (max-width: 813px) 100vw, 813px\" \/><\/figure><\/a><a href=\"https:\/\/villaalpenpanorama.de\/wp-content\/uploads\/2023\/07\/image009.jpg\"><figure><img loading=\"lazy\" decoding=\"async\" width=\"944\" height=\"629\" src=\"https:\/\/villaalpenpanorama.de\/wp-content\/uploads\/2023\/07\/image009.jpg\" class=\"attachment-full size-full\" alt=\"\" srcset=\"https:\/\/villaalpenpanorama.de\/wp-content\/uploads\/2023\/07\/image009.jpg 944w, https:\/\/villaalpenpanorama.de\/wp-content\/uploads\/2023\/07\/image009-768x512.jpg 768w, https:\/\/villaalpenpanorama.de\/wp-content\/uploads\/2023\/07\/image009-640x426.jpg 640w, https:\/\/villaalpenpanorama.de\/wp-content\/uploads\/2023\/07\/image009-400x267.jpg 400w, https:\/\/villaalpenpanorama.de\/wp-content\/uploads\/2023\/07\/image009-367x245.jpg 367w\" sizes=\"auto, (max-width: 944px) 100vw, 944px\" \/><\/figure><\/a><a href=\"https:\/\/villaalpenpanorama.de\/wp-content\/uploads\/2023\/07\/image008.jpg\"><figure><img loading=\"lazy\" decoding=\"async\" width=\"952\" height=\"634\" src=\"https:\/\/villaalpenpanorama.de\/wp-content\/uploads\/2023\/07\/image008.jpg\" class=\"attachment-full size-full\" alt=\"\" srcset=\"https:\/\/villaalpenpanorama.de\/wp-content\/uploads\/2023\/07\/image008.jpg 952w, https:\/\/villaalpenpanorama.de\/wp-content\/uploads\/2023\/07\/image008-768x511.jpg 768w, https:\/\/villaalpenpanorama.de\/wp-content\/uploads\/2023\/07\/image008-640x426.jpg 640w, https:\/\/villaalpenpanorama.de\/wp-content\/uploads\/2023\/07\/image008-400x266.jpg 400w, https:\/\/villaalpenpanorama.de\/wp-content\/uploads\/2023\/07\/image008-367x244.jpg 367w\" sizes=\"auto, (max-width: 952px) 100vw, 952px\" \/><\/figure><\/a><\/div><\/div><\/div><\/div><\/div><\/div><\/div><\/div><\/div>","protected":false},"excerpt":{"rendered":"Suite \"Alpspitz\" mit 1 Schlafzimmer im Dachgeschoss (69 qm) JETZT BUCHEN 1 Wohnzimmer 1 Schlafzimmer 1 Komfort Wellness Badezimmer mit Dusche. 1 komplett ausgestattet K\u00fcche mit Mikrowelle, Backofen, Geschirrsp\u00fcler, etc. mit gro\u00dfen Panorama Balkone - Blick auf die Alpen und Gartenlandschaft geeignet von 1 bis 3 Personen Suite \"Herzogstand\" mit 2 Schlafzimmer im Erste Stock [...]","protected":false},"author":1,"featured_media":0,"parent":0,"menu_order":0,"comment_status":"closed","ping_status":"closed","template":"","meta":{"footnotes":""},"class_list":["post-2508","page","type-page","status-publish","hentry"],"_links":{"self":[{"href":"https:\/\/villaalpenpanorama.de\/en\/wp-json\/wp\/v2\/pages\/2508","targetHints":{"allow":["GET"]}}],"collection":[{"href":"https:\/\/villaalpenpanorama.de\/en\/wp-json\/wp\/v2\/pages"}],"about":[{"href":"https:\/\/villaalpenpanorama.de\/en\/wp-json\/wp\/v2\/types\/page"}],"author":[{"embeddable":true,"href":"https:\/\/villaalpenpanorama.de\/en\/wp-json\/wp\/v2\/users\/1"}],"replies":[{"embeddable":true,"href":"https:\/\/villaalpenpanorama.de\/en\/wp-json\/wp\/v2\/comments?post=2508"}],"version-history":[{"count":50,"href":"https:\/\/villaalpenpanorama.de\/en\/wp-json\/wp\/v2\/pages\/2508\/revisions"}],"predecessor-version":[{"id":2885,"href":"https:\/\/villaalpenpanorama.de\/en\/wp-json\/wp\/v2\/pages\/2508\/revisions\/2885"}],"wp:attachment":[{"href":"https:\/\/villaalpenpanorama.de\/en\/wp-json\/wp\/v2\/media?parent=2508"}],"curies":[{"name":"wp","href":"https:\/\/api.w.org\/{rel}","templated":true}]}}