{"id":2802,"date":"2022-06-04T09:47:13","date_gmt":"2022-06-04T09:47:13","guid":{"rendered":"http:\/\/villaalpenpanorama.pfacode.co.in\/?page_id=2802"},"modified":"2022-06-04T09:51:43","modified_gmt":"2022-06-04T09:51:43","slug":"geschaeftsbedingungen","status":"publish","type":"page","link":"https:\/\/villaalpenpanorama.de\/en\/geschaeftsbedingungen\/","title":{"rendered":"Gesch\u00e4ftsbedingungen"},"content":{"rendered":"<div data-vc-full-width=\"true\" data-vc-full-width-init=\"false\" class=\"vc_row wpb_row row top-row vc_custom_1654336197518 vc_row-has-fill\"><div class=\"vc_column_container col-md-12\"><div class=\"wpb_wrapper vc_column-inner\">\n\t<div class=\"wpb_text_column wpb_content_element\" >\n\t\t<div class=\"wpb_wrapper\">\n\t\t\t<h3>Diese Anlage hat folgende Bestimmungen und Check-in- bzw. Check-out-Zeiten.<\/h3>\n<p>Anreise: 15:00<\/p>\n<p>Abreise: 11:30<\/p>\n<h3><strong>Stornierungen<\/strong><\/h3>\n<p><strong>Kein Geld zur\u00fcck:<\/strong> Bitte beachten Sie, dass im Falle einer Stornierung, \u00c4nderung oder Nichtanreise der volle Buchungsbetrag in Rechnung gestellt wird.<\/p>\n<p><strong>Kein Geld zur\u00fcck:<\/strong> Wenn Sie Ihre Buchung stornieren, zahlen Sie einen Betrag in H\u00f6he der Gesamtpreises.<\/p>\n<p>Es gelten die allgemeinen Richtlinien des DEHOGA Gast-\/Aufnahmevertrag, sowie die AGB`S des Boutique Hotel Angerer Murnau. Sie k\u00f6nnen diese auf unser Website nachlesen. Bei Fragen k\u00f6nnen wir Ihnen gerne weitere Informationen zusenden.<\/p>\n<h3><strong>Allgemeine Gesch\u00e4ftsbedingungen<\/strong><\/h3>\n<p>Auf Anfrage senden wir Ihnen per e-mail unsere allgemeinen Gesch\u00e4ftsbedingungen zu.<\/p>\n\n\t\t<\/div>\n\t<\/div>\n<\/div><\/div><\/div><div class=\"vc_row-full-width vc_clearfix\"><\/div>","protected":false},"excerpt":{"rendered":"Diese Anlage hat folgende Bestimmungen und Check-in- bzw. Check-out-Zeiten. Anreise: 15:00 Abreise: 11:30 Stornierungen Kein Geld zur\u00fcck: Bitte beachten Sie, dass im Falle einer Stornierung, \u00c4nderung oder Nichtanreise der volle Buchungsbetrag in Rechnung gestellt wird. Kein Geld zur\u00fcck: Wenn Sie Ihre Buchung stornieren, zahlen Sie einen Betrag in H\u00f6he der Gesamtpreises. Es gelten die allgemeinen [...]","protected":false},"author":1,"featured_media":0,"parent":0,"menu_order":0,"comment_status":"closed","ping_status":"closed","template":"","meta":{"footnotes":""},"class_list":["post-2802","page","type-page","status-publish","hentry"],"_links":{"self":[{"href":"https:\/\/villaalpenpanorama.de\/en\/wp-json\/wp\/v2\/pages\/2802","targetHints":{"allow":["GET"]}}],"collection":[{"href":"https:\/\/villaalpenpanorama.de\/en\/wp-json\/wp\/v2\/pages"}],"about":[{"href":"https:\/\/villaalpenpanorama.de\/en\/wp-json\/wp\/v2\/types\/page"}],"author":[{"embeddable":true,"href":"https:\/\/villaalpenpanorama.de\/en\/wp-json\/wp\/v2\/users\/1"}],"replies":[{"embeddable":true,"href":"https:\/\/villaalpenpanorama.de\/en\/wp-json\/wp\/v2\/comments?post=2802"}],"version-history":[{"count":5,"href":"https:\/\/villaalpenpanorama.de\/en\/wp-json\/wp\/v2\/pages\/2802\/revisions"}],"predecessor-version":[{"id":2814,"href":"https:\/\/villaalpenpanorama.de\/en\/wp-json\/wp\/v2\/pages\/2802\/revisions\/2814"}],"wp:attachment":[{"href":"https:\/\/villaalpenpanorama.de\/en\/wp-json\/wp\/v2\/media?parent=2802"}],"curies":[{"name":"wp","href":"https:\/\/api.w.org\/{rel}","templated":true}]}}