{"id":2812,"date":"2022-06-04T10:05:52","date_gmt":"2022-06-04T10:05:52","guid":{"rendered":"http:\/\/villaalpenpanorama.pfacode.co.in\/?page_id=2812"},"modified":"2022-06-04T10:05:52","modified_gmt":"2022-06-04T10:05:52","slug":"impressum","status":"publish","type":"page","link":"https:\/\/villaalpenpanorama.de\/en\/impressum\/","title":{"rendered":"Impressum"},"content":{"rendered":"<div data-vc-full-width=\"true\" data-vc-full-width-init=\"false\" class=\"vc_row wpb_row row top-row vc_custom_1654336197518 vc_row-has-fill\"><div class=\"vc_column_container col-md-12\"><div class=\"wpb_wrapper vc_column-inner\">\n\t<div class=\"wpb_text_column wpb_content_element\" >\n\t\t<div class=\"wpb_wrapper\">\n\t\t\t<h2>Impressum<\/h2>\n<p>Angaben gem\u00e4\u00df \u00a7 5 TMG<br \/>\nG\u00e4steh\u00e4user Angerer GmbH<br \/>\nAm Ock4<br \/>\n82418 Murnau<\/p>\n<p><strong>Handelsregister:<\/strong> HRB 152329<br \/>\n<strong>Registergericht:<\/strong> Amtsgericht M\u00fcnchenN<br \/>\n<strong>Vertreten durch:<\/strong> Vertretungsberechtigter<\/p>\n<p><strong>Gesch\u00e4ftsf\u00fchrer:<\/strong> Felix Angerer Juniore<\/p>\n<h3>Kontakt<\/h3>\n<p><strong>Telefon:<\/strong> +49 8841 628690<br \/>\n<strong>Telefax:<\/strong> +49 8841 67 23 45<br \/>\n<strong>E-Mail:<\/strong> info@aparthotelwerdenfels.de<\/p>\n<h3>Umsatzsteuer-ID<\/h3>\n<p>Umsatzsteuer-Identifikationsnummer gem\u00e4\u00df \u00a7 27 a Umsatzsteuergesetz: DE235514017<\/p>\n<h3>EU-Streitschlichtung<\/h3>\n<p>Die Europ\u00e4ische Kommission stellt eine Plattform zur Online-Streitbeilegung (OS) bereit: ec.europa.eu\/consumers\/odr<br \/>\nUnsere E-Mail-Adresse finden Sie oben im Impressum.<\/p>\n<h3>Verbraucherstreitbeilegung\/Universalschlichtungsstelle<\/h3>\n<p>Wir sind nicht bereit oder verpflichtet, an Streitbeilegungsverfahren vor einer Verbraucherschlichtungsstelle teilzunehmen.<\/p>\n<h3>Quellenangaben f\u00fcr die verwendeten Bilder und Grafiken:<\/h3>\n<p>Alle Bilder und Illustrationen sind im Besitz der G\u00e4steh\u00e4user Angerer GmbH<\/p>\n\n\t\t<\/div>\n\t<\/div>\n<\/div><\/div><\/div><div class=\"vc_row-full-width vc_clearfix\"><\/div>","protected":false},"excerpt":{"rendered":"Impressum Angaben gem\u00e4\u00df \u00a7 5 TMG G\u00e4steh\u00e4user Angerer GmbH Am Ock4 82418 Murnau Handelsregister: HRB 152329 Registergericht: Amtsgericht M\u00fcnchenN Vertreten durch: Vertretungsberechtigter Gesch\u00e4ftsf\u00fchrer: Felix Angerer Juniore Kontakt Telefon: +49 8841 628690 Telefax: +49 8841 67 23 45 E-Mail: info@aparthotelwerdenfels.de Umsatzsteuer-ID Umsatzsteuer-Identifikationsnummer gem\u00e4\u00df \u00a7 27 a Umsatzsteuergesetz: DE235514017 EU-Streitschlichtung Die Europ\u00e4ische Kommission stellt eine Plattform zur [...]","protected":false},"author":1,"featured_media":0,"parent":0,"menu_order":0,"comment_status":"closed","ping_status":"closed","template":"","meta":{"footnotes":""},"class_list":["post-2812","page","type-page","status-publish","hentry"],"_links":{"self":[{"href":"https:\/\/villaalpenpanorama.de\/en\/wp-json\/wp\/v2\/pages\/2812","targetHints":{"allow":["GET"]}}],"collection":[{"href":"https:\/\/villaalpenpanorama.de\/en\/wp-json\/wp\/v2\/pages"}],"about":[{"href":"https:\/\/villaalpenpanorama.de\/en\/wp-json\/wp\/v2\/types\/page"}],"author":[{"embeddable":true,"href":"https:\/\/villaalpenpanorama.de\/en\/wp-json\/wp\/v2\/users\/1"}],"replies":[{"embeddable":true,"href":"https:\/\/villaalpenpanorama.de\/en\/wp-json\/wp\/v2\/comments?post=2812"}],"version-history":[{"count":1,"href":"https:\/\/villaalpenpanorama.de\/en\/wp-json\/wp\/v2\/pages\/2812\/revisions"}],"predecessor-version":[{"id":2813,"href":"https:\/\/villaalpenpanorama.de\/en\/wp-json\/wp\/v2\/pages\/2812\/revisions\/2813"}],"wp:attachment":[{"href":"https:\/\/villaalpenpanorama.de\/en\/wp-json\/wp\/v2\/media?parent=2812"}],"curies":[{"name":"wp","href":"https:\/\/api.w.org\/{rel}","templated":true}]}}