{"id":55,"date":"2016-06-13T15:48:45","date_gmt":"2016-06-13T15:48:45","guid":{"rendered":"http:\/\/sw-themes.com\/porto_dummy\/?page_id=55"},"modified":"2023-07-18T09:55:14","modified_gmt":"2023-07-18T09:55:14","slug":"unser-ferienhaus","status":"publish","type":"page","link":"https:\/\/villaalpenpanorama.de\/en\/unser-ferienhaus\/","title":{"rendered":"Unser Ferienhaus"},"content":{"rendered":"<div data-vc-full-width=\"true\" data-vc-full-width-init=\"false\" data-vc-stretch-content=\"true\" class=\"vc_row wpb_row top-row vc_custom_1653558647794 mt-0 vc_row-has-fill vc_row-no-padding porto-inner-container\"><div class=\"porto-wrap-container container\"><div class=\"row align-items-center\"><div class=\"vc_column_container col-md-12 offset-lg-1 col-lg-10 vc_custom_1653555575088\"><div class=\"wpb_wrapper vc_column-inner\"><div class=\"vc_row wpb_row vc_inner row vc_row-o-content-top vc_row-flex\"><div class=\"vc_column_container col-md-6\"><div class=\"wpb_wrapper vc_column-inner\"><div class=\"porto-gallery has-ccols ccols-1 wpb_custom_990125ee54cc6ce8d5f272820494c17d porto-carousel owl-carousel align-items-center\" data-plugin-options=\"{&quot;autoplay&quot;:true,&quot;autoplayTimeout&quot;:3000,&quot;autoplayHoverPause&quot;:true,&quot;items&quot;:1,&quot;lg&quot;:1,&quot;md&quot;:1,&quot;sm&quot;:1,&quot;xs&quot;:1,&quot;nav&quot;:&quot;&quot;,&quot;dots&quot;:&quot;yes&quot;}\"><figure><img loading=\"lazy\" decoding=\"async\" width=\"600\" height=\"761\" src=\"https:\/\/villaalpenpanorama.de\/wp-content\/uploads\/2023\/07\/aboutus1.webp\" class=\"attachment-full size-full\" alt=\"\" srcset=\"https:\/\/villaalpenpanorama.de\/wp-content\/uploads\/2023\/07\/aboutus1.webp 600w, https:\/\/villaalpenpanorama.de\/wp-content\/uploads\/2023\/07\/aboutus1-400x507.webp 400w, https:\/\/villaalpenpanorama.de\/wp-content\/uploads\/2023\/07\/aboutus1-367x465.webp 367w\" sizes=\"auto, (max-width: 600px) 100vw, 600px\" \/><\/figure><figure><img loading=\"lazy\" decoding=\"async\" width=\"600\" height=\"761\" src=\"https:\/\/villaalpenpanorama.de\/wp-content\/uploads\/2023\/07\/aboutus2.webp\" class=\"attachment-full size-full\" alt=\"\" srcset=\"https:\/\/villaalpenpanorama.de\/wp-content\/uploads\/2023\/07\/aboutus2.webp 600w, https:\/\/villaalpenpanorama.de\/wp-content\/uploads\/2023\/07\/aboutus2-400x507.webp 400w, https:\/\/villaalpenpanorama.de\/wp-content\/uploads\/2023\/07\/aboutus2-367x465.webp 367w\" sizes=\"auto, (max-width: 600px) 100vw, 600px\" \/><\/figure><\/div><\/div><\/div><div class=\"vc_column_container col-md-6\"><div class=\"wpb_wrapper vc_column-inner\">\n\t<div class=\"wpb_text_column wpb_content_element  vc_custom_1688480770638\" >\n\t\t<div class=\"wpb_wrapper\">\n\t\t\t<h1>zwischen Bergen und Fl\u00fcssen<\/h1>\n\n\t\t<\/div>\n\t<\/div>\n\n\t<div class=\"wpb_text_column wpb_content_element\" >\n\t\t<div class=\"wpb_wrapper\">\n\t\t\t<p>Genie\u00dfen Sie unsere Modernen gro\u00dfz\u00fcgigen Komfort Ferienwohnungen in ruhiger Lage mit Ihren faszinierenden Panorama Ausblick auf den Heimgarten bis hin zur weltbekannten Zugspitze von unseren sonnigen Terrassen oder Balkone.<\/p>\n<p>In unserem modernen neu erbauten Villa Alpenpanorama bieten wir Ihnen vier sehr ger\u00e4umige Komfort Ferienwohnungen mit einer Wohnfl\u00e4che zwischen 69 m2 und 115 m2 und einer hochwertigen Ausstattung.<\/p>\n<p>Im Au\u00dfenbereich steht Ihnen einer Grillstelle und Sonnenliegen zur Verf\u00fcgung. Kostenloses schnelles W -LAN in allen R\u00e4umlichkeiten und im Au\u00dfenbereich des Hauses.<\/p>\n<p>Villa Alpenpanorama verf\u00fcgt Parkpl\u00e4tze, wo Sie direkt zu Ihrem Ferienwohnung gelangen.<\/p>\n<p><strong>Ihre Gastgeber, Familie Angerer<br \/>\n<\/strong><strong>Ferienhaus &#8222;Villa Alpenpanorama&#8220; Ohlstadt<\/strong><\/p>\n\n\t\t<\/div>\n\t<\/div>\n<div class=\"porto-btn-ctn-left\"><a class=\"porto-btn porto-adjust-bottom-margin porto-btn-normal porto-btn-right-bg  wpb_custom_f3a44a2b03001becb32da52b2a018e43  porto-btn-left\" title='Book Now' rel='' href = \"https:\/\/hotels.cloudbeds.com\/en\/reservation\/6jgSq7\" target='_blank' data-hover=\"#ffffff\" data-border-color=\"\" data-bg=\"#0e683d\" data-hover-bg=\"#000000\" data-border-hover=\"\" data-shadow-click=\"none\" data-shadow=\"\" style=\"border:none;background: #0e683d;color: #ffffff;\"><span class=\"porto-btn-hover\" style=\"background-color:#000000\"><\/span><span class=\"porto-btn-data porto-btn-text\" >JETZT BUCHEN<\/span><\/a><\/div><\/div><\/div><\/div><\/div><\/div><\/div><\/div><\/div><div class=\"vc_row-full-width vc_clearfix\"><\/div>","protected":false},"excerpt":{"rendered":"zwischen Bergen und Fl\u00fcssen Genie\u00dfen Sie unsere Modernen gro\u00dfz\u00fcgigen Komfort Ferienwohnungen in ruhiger Lage mit Ihren faszinierenden Panorama Ausblick auf den Heimgarten bis hin zur weltbekannten Zugspitze von unseren sonnigen Terrassen oder Balkone. In unserem modernen neu erbauten Villa Alpenpanorama bieten wir Ihnen vier sehr ger\u00e4umige Komfort Ferienwohnungen mit einer Wohnfl\u00e4che zwischen 69 m2 und [...]","protected":false},"author":1,"featured_media":0,"parent":0,"menu_order":0,"comment_status":"closed","ping_status":"closed","template":"","meta":{"footnotes":""},"class_list":["post-55","page","type-page","status-publish","hentry"],"_links":{"self":[{"href":"https:\/\/villaalpenpanorama.de\/en\/wp-json\/wp\/v2\/pages\/55","targetHints":{"allow":["GET"]}}],"collection":[{"href":"https:\/\/villaalpenpanorama.de\/en\/wp-json\/wp\/v2\/pages"}],"about":[{"href":"https:\/\/villaalpenpanorama.de\/en\/wp-json\/wp\/v2\/types\/page"}],"author":[{"embeddable":true,"href":"https:\/\/villaalpenpanorama.de\/en\/wp-json\/wp\/v2\/users\/1"}],"replies":[{"embeddable":true,"href":"https:\/\/villaalpenpanorama.de\/en\/wp-json\/wp\/v2\/comments?post=55"}],"version-history":[{"count":44,"href":"https:\/\/villaalpenpanorama.de\/en\/wp-json\/wp\/v2\/pages\/55\/revisions"}],"predecessor-version":[{"id":2895,"href":"https:\/\/villaalpenpanorama.de\/en\/wp-json\/wp\/v2\/pages\/55\/revisions\/2895"}],"wp:attachment":[{"href":"https:\/\/villaalpenpanorama.de\/en\/wp-json\/wp\/v2\/media?parent=55"}],"curies":[{"name":"wp","href":"https:\/\/api.w.org\/{rel}","templated":true}]}}